{"id":159,"date":"2021-10-23T08:27:47","date_gmt":"2021-10-23T06:27:47","guid":{"rendered":"https:\/\/aidafuentes.com\/?page_id=159"},"modified":"2021-10-23T09:44:00","modified_gmt":"2021-10-23T07:44:00","slug":"bloc","status":"publish","type":"page","link":"https:\/\/aidafuentes.com\/es\/bloc\/","title":{"rendered":"BLOG"},"content":{"rendered":"<div data-elementor-type=\"wp-page\" data-elementor-id=\"159\" class=\"elementor elementor-159\" data-elementor-settings=\"[]\">\n\t\t\t\t\t\t\t<div class=\"elementor-section-wrap\">\n\t\t\t\t\t\t\t<section class=\"elementor-section elementor-top-section elementor-element elementor-element-ca217c9 elementor-section-boxed elementor-section-height-default elementor-section-height-default\" data-id=\"ca217c9\" data-element_type=\"section\" data-settings=\"{&quot;background_background&quot;:&quot;classic&quot;}\">\n\t\t\t\t\t\t<div class=\"elementor-container elementor-column-gap-default\">\n\t\t\t\t\t<div class=\"elementor-column elementor-col-100 elementor-top-column elementor-element elementor-element-b4c7c32\" data-id=\"b4c7c32\" data-element_type=\"column\">\n\t\t\t<div class=\"elementor-widget-wrap elementor-element-populated\">\n\t\t\t\t\t\t\t\t<section class=\"elementor-section elementor-inner-section elementor-element elementor-element-3dbb0c0 elementor-section-boxed elementor-section-height-default elementor-section-height-default\" data-id=\"3dbb0c0\" data-element_type=\"section\">\n\t\t\t\t\t\t<div class=\"elementor-container elementor-column-gap-default\">\n\t\t\t\t\t<div class=\"elementor-column elementor-col-100 elementor-inner-column elementor-element elementor-element-feadf39\" data-id=\"feadf39\" data-element_type=\"column\">\n\t\t\t<div class=\"elementor-widget-wrap elementor-element-populated\">\n\t\t\t\t\t\t\t\t<div class=\"elementor-element elementor-element-ab708f8 elementor-widget elementor-widget-heading\" data-id=\"ab708f8\" data-element_type=\"widget\" data-widget_type=\"heading.default\">\n\t\t\t\t<div class=\"elementor-widget-container\">\n\t\t\t<h2 class=\"elementor-heading-title elementor-size-default\">BLOG<\/h2>\t\t<\/div>\n\t\t\t\t<\/div>\n\t\t\t\t\t<\/div>\n\t\t<\/div>\n\t\t\t\t\t\t\t<\/div>\n\t\t<\/section>\n\t\t\t\t<div class=\"elementor-element elementor-element-7944b05 elementor-grid-3 elementor-grid-tablet-2 elementor-grid-mobile-1 elementor-posts--thumbnail-top elementor-widget elementor-widget-posts\" data-id=\"7944b05\" data-element_type=\"widget\" data-settings=\"{&quot;pagination_type&quot;:&quot;numbers&quot;,&quot;classic_columns&quot;:&quot;3&quot;,&quot;classic_columns_tablet&quot;:&quot;2&quot;,&quot;classic_columns_mobile&quot;:&quot;1&quot;,&quot;classic_row_gap&quot;:{&quot;unit&quot;:&quot;px&quot;,&quot;size&quot;:35,&quot;sizes&quot;:[]},&quot;classic_row_gap_tablet&quot;:{&quot;unit&quot;:&quot;px&quot;,&quot;size&quot;:&quot;&quot;,&quot;sizes&quot;:[]},&quot;classic_row_gap_mobile&quot;:{&quot;unit&quot;:&quot;px&quot;,&quot;size&quot;:&quot;&quot;,&quot;sizes&quot;:[]}}\" data-widget_type=\"posts.classic\">\n\t\t\t\t<div class=\"elementor-widget-container\">\n\t\t\t\t\t<div class=\"elementor-posts-container elementor-posts elementor-posts--skin-classic elementor-grid\">\n\t\t\t\t<article class=\"elementor-post elementor-grid-item post-1 post type-post status-publish format-standard has-post-thumbnail hentry category-uncategorized\">\n\t\t\t\t<a class=\"elementor-post__thumbnail__link\" href=\"https:\/\/aidafuentes.com\/es\/benvinguts-i-benvingudes-a-la-meva-pagina-web\/\" >\n\t\t\t<div class=\"elementor-post__thumbnail\"><img width=\"300\" height=\"240\" src=\"https:\/\/aidafuentes.com\/wp-content\/uploads\/2017\/10\/Benvinguts-300x240.jpg\" class=\"attachment-medium size-medium\" alt=\"Benvinguts\" loading=\"lazy\" \/><\/div>\n\t\t<\/a>\n\t\t\t\t<div class=\"elementor-post__text\">\n\t\t\t\t<h3 class=\"elementor-post__title\">\n\t\t\t<a href=\"https:\/\/aidafuentes.com\/es\/benvinguts-i-benvingudes-a-la-meva-pagina-web\/\" >\n\t\t\t\tBenvinguts i benvingudes a la meva p\u00e0gina web\t\t\t<\/a>\n\t\t<\/h3>\n\t\t\t\t<div class=\"elementor-post__excerpt\">\n\t\t\t<p>Hola! Benvinguts i benvingudes a la meva p\u00e0gina web. Aquest \u00e9s un post, per dir que inauguro web i que a partir d&#8217;ara, podreu reservar<\/p>\n\t\t<\/div>\n\t\t\t\t\t<a class=\"elementor-post__read-more\" href=\"https:\/\/aidafuentes.com\/es\/benvinguts-i-benvingudes-a-la-meva-pagina-web\/\" >\n\t\t\t\tLlegir m\u00e9s \u00bb\t\t\t<\/a>\n\t\t\t\t<\/div>\n\t\t\t\t<\/article>\n\t\t\t\t<\/div>\n\n\n\t\t\n\t\t\t\t<\/div>\n\t\t\t\t<\/div>\n\t\t\t\t\t<\/div>\n\t\t<\/div>\n\t\t\t\t\t\t\t<\/div>\n\t\t<\/section>\n\t\t\t\t<section class=\"elementor-section elementor-top-section elementor-element elementor-element-6bac094 elementor-section-boxed elementor-section-height-default elementor-section-height-default\" data-id=\"6bac094\" data-element_type=\"section\" data-settings=\"{&quot;background_background&quot;:&quot;classic&quot;}\">\n\t\t\t\t\t\t<div class=\"elementor-container elementor-column-gap-default\">\n\t\t\t\t\t<div class=\"elementor-column elementor-col-100 elementor-top-column elementor-element elementor-element-2bba231\" data-id=\"2bba231\" data-element_type=\"column\">\n\t\t\t<div class=\"elementor-widget-wrap elementor-element-populated\">\n\t\t\t\t\t\t\t\t<div class=\"elementor-element elementor-element-4148d55 elementor-widget elementor-widget-heading\" data-id=\"4148d55\" data-element_type=\"widget\" data-widget_type=\"heading.default\">\n\t\t\t\t<div class=\"elementor-widget-container\">\n\t\t\t<h2 class=\"elementor-heading-title elementor-size-default\">Empieza a convertirte en tu mejor versi\u00f3n<\/h2>\t\t<\/div>\n\t\t\t\t<\/div>\n\t\t\t\t<div class=\"elementor-element elementor-element-8926471 elementor-widget elementor-widget-text-editor\" data-id=\"8926471\" data-element_type=\"widget\" data-widget_type=\"text-editor.default\">\n\t\t\t\t<div class=\"elementor-widget-container\">\n\t\t\t\t\t\t\t<p>Empieza a sentir que tienes el control de tu vida.<br \/>Empieza a sentirte bien con lo que tienes y lo que sientes.<\/p>\t\t\t\t\t\t<\/div>\n\t\t\t\t<\/div>\n\t\t\t\t<div class=\"elementor-element elementor-element-ea3484c elementor-align-center elementor-widget elementor-widget-button\" data-id=\"ea3484c\" data-element_type=\"widget\" data-widget_type=\"button.default\">\n\t\t\t\t<div class=\"elementor-widget-container\">\n\t\t\t\t\t<div class=\"elementor-button-wrapper\">\n\t\t\t<a href=\"https:\/\/aidafuentes.com\/\" class=\"elementor-button-link elementor-button elementor-size-sm\" role=\"button\">\n\t\t\t\t\t\t<span class=\"elementor-button-content-wrapper\">\n\t\t\t\t\t\t<span class=\"elementor-button-text\">\u00a1EXPL\u00cdCAME C\u00d3MO CONSEGUIRLO!<\/span>\n\t\t<\/span>\n\t\t\t\t\t<\/a>\n\t\t<\/div>\n\t\t\t\t<\/div>\n\t\t\t\t<\/div>\n\t\t\t\t\t<\/div>\n\t\t<\/div>\n\t\t\t\t\t\t\t<\/div>\n\t\t<\/section>\n\t\t\t\t\t\t<\/div>\n\t\t\t\t\t<\/div>","protected":false},"excerpt":{"rendered":"<p>Bloc Comen\u00e7a a convertir-te en la teva millor versi\u00f3 Comen\u00e7a a sentir que tens el control de la teva vida.Comen\u00e7a a sentir-te b\u00e9 amb el que tens i amb el que sents. EXPLICA&#8217;M COM ACONSEGUIR-HO!<\/p>","protected":false},"author":2,"featured_media":0,"parent":0,"menu_order":0,"comment_status":"closed","ping_status":"closed","template":"elementor_header_footer","meta":[],"yoast_head":"<!-- This site is optimized with the Yoast SEO plugin v18.1 - https:\/\/yoast.com\/wordpress\/plugins\/seo\/ -->\n<title>Bloc - A\u00efda Fuentes<\/title>\n<meta name=\"robots\" content=\"index, follow, max-snippet:-1, max-image-preview:large, max-video-preview:-1\" \/>\n<link rel=\"canonical\" href=\"https:\/\/aidafuentes.com\/es\/bloc\/\" \/>\n<meta property=\"og:locale\" content=\"es_ES\" \/>\n<meta property=\"og:type\" content=\"article\" \/>\n<meta property=\"og:title\" content=\"Bloc - A\u00efda Fuentes\" \/>\n<meta property=\"og:description\" content=\"Bloc Comen\u00e7a a convertir-te en la teva millor versi\u00f3 Comen\u00e7a a sentir que tens el control de la teva vida.Comen\u00e7a a sentir-te b\u00e9 amb el que tens i amb el que sents. EXPLICA&#8217;M COM ACONSEGUIR-HO!\" \/>\n<meta property=\"og:url\" content=\"https:\/\/aidafuentes.com\/es\/bloc\/\" \/>\n<meta property=\"og:site_name\" content=\"A\u00efda Fuentes\" \/>\n<meta property=\"article:modified_time\" content=\"2021-10-23T07:44:00+00:00\" \/>\n<meta name=\"twitter:card\" content=\"summary_large_image\" \/>\n<meta name=\"twitter:label1\" content=\"Tiempo de lectura\" \/>\n\t<meta name=\"twitter:data1\" content=\"2 minutos\" \/>\n<script type=\"application\/ld+json\" class=\"yoast-schema-graph\">{\"@context\":\"https:\/\/schema.org\",\"@graph\":[{\"@type\":\"WebSite\",\"@id\":\"https:\/\/aidafuentes.com\/#website\",\"url\":\"https:\/\/aidafuentes.com\/\",\"name\":\"A\u00efda Fuentes\",\"description\":\"Psic\u00f2loga Girona\",\"potentialAction\":[{\"@type\":\"SearchAction\",\"target\":{\"@type\":\"EntryPoint\",\"urlTemplate\":\"https:\/\/aidafuentes.com\/?s={search_term_string}\"},\"query-input\":\"required name=search_term_string\"}],\"inLanguage\":\"es\"},{\"@type\":\"WebPage\",\"@id\":\"https:\/\/aidafuentes.com\/bloc\/#webpage\",\"url\":\"https:\/\/aidafuentes.com\/bloc\/\",\"name\":\"Bloc - A\u00efda Fuentes\",\"isPartOf\":{\"@id\":\"https:\/\/aidafuentes.com\/#website\"},\"datePublished\":\"2021-10-23T06:27:47+00:00\",\"dateModified\":\"2021-10-23T07:44:00+00:00\",\"breadcrumb\":{\"@id\":\"https:\/\/aidafuentes.com\/bloc\/#breadcrumb\"},\"inLanguage\":\"es\",\"potentialAction\":[{\"@type\":\"ReadAction\",\"target\":[\"https:\/\/aidafuentes.com\/bloc\/\"]}]},{\"@type\":\"BreadcrumbList\",\"@id\":\"https:\/\/aidafuentes.com\/bloc\/#breadcrumb\",\"itemListElement\":[{\"@type\":\"ListItem\",\"position\":1,\"name\":\"Portada\",\"item\":\"https:\/\/aidafuentes.com\/\"},{\"@type\":\"ListItem\",\"position\":2,\"name\":\"Bloc\"}]}]}<\/script>\n<!-- \/ Yoast SEO plugin. -->","yoast_head_json":{"title":"Bloc - A\u00efda Fuentes","robots":{"index":"index","follow":"follow","max-snippet":"max-snippet:-1","max-image-preview":"max-image-preview:large","max-video-preview":"max-video-preview:-1"},"canonical":"https:\/\/aidafuentes.com\/es\/bloc\/","og_locale":"es_ES","og_type":"article","og_title":"Bloc - A\u00efda Fuentes","og_description":"Bloc Comen\u00e7a a convertir-te en la teva millor versi\u00f3 Comen\u00e7a a sentir que tens el control de la teva vida.Comen\u00e7a a sentir-te b\u00e9 amb el que tens i amb el que sents. EXPLICA&#8217;M COM ACONSEGUIR-HO!","og_url":"https:\/\/aidafuentes.com\/es\/bloc\/","og_site_name":"A\u00efda Fuentes","article_modified_time":"2021-10-23T07:44:00+00:00","twitter_card":"summary_large_image","twitter_misc":{"Tiempo de lectura":"2 minutos"},"schema":{"@context":"https:\/\/schema.org","@graph":[{"@type":"WebSite","@id":"https:\/\/aidafuentes.com\/#website","url":"https:\/\/aidafuentes.com\/","name":"A\u00efda Fuentes","description":"Psic\u00f2loga Girona","potentialAction":[{"@type":"SearchAction","target":{"@type":"EntryPoint","urlTemplate":"https:\/\/aidafuentes.com\/?s={search_term_string}"},"query-input":"required name=search_term_string"}],"inLanguage":"es"},{"@type":"WebPage","@id":"https:\/\/aidafuentes.com\/bloc\/#webpage","url":"https:\/\/aidafuentes.com\/bloc\/","name":"Bloc - A\u00efda Fuentes","isPartOf":{"@id":"https:\/\/aidafuentes.com\/#website"},"datePublished":"2021-10-23T06:27:47+00:00","dateModified":"2021-10-23T07:44:00+00:00","breadcrumb":{"@id":"https:\/\/aidafuentes.com\/bloc\/#breadcrumb"},"inLanguage":"es","potentialAction":[{"@type":"ReadAction","target":["https:\/\/aidafuentes.com\/bloc\/"]}]},{"@type":"BreadcrumbList","@id":"https:\/\/aidafuentes.com\/bloc\/#breadcrumb","itemListElement":[{"@type":"ListItem","position":1,"name":"Portada","item":"https:\/\/aidafuentes.com\/"},{"@type":"ListItem","position":2,"name":"Bloc"}]}]}},"_links":{"self":[{"href":"https:\/\/aidafuentes.com\/es\/wp-json\/wp\/v2\/pages\/159"}],"collection":[{"href":"https:\/\/aidafuentes.com\/es\/wp-json\/wp\/v2\/pages"}],"about":[{"href":"https:\/\/aidafuentes.com\/es\/wp-json\/wp\/v2\/types\/page"}],"author":[{"embeddable":true,"href":"https:\/\/aidafuentes.com\/es\/wp-json\/wp\/v2\/users\/2"}],"replies":[{"embeddable":true,"href":"https:\/\/aidafuentes.com\/es\/wp-json\/wp\/v2\/comments?post=159"}],"version-history":[{"count":12,"href":"https:\/\/aidafuentes.com\/es\/wp-json\/wp\/v2\/pages\/159\/revisions"}],"predecessor-version":[{"id":207,"href":"https:\/\/aidafuentes.com\/es\/wp-json\/wp\/v2\/pages\/159\/revisions\/207"}],"wp:attachment":[{"href":"https:\/\/aidafuentes.com\/es\/wp-json\/wp\/v2\/media?parent=159"}],"curies":[{"name":"wp","href":"https:\/\/api.w.org\/{rel}","templated":true}]}}