{"id":150,"date":"2021-10-23T08:14:54","date_gmt":"2021-10-23T06:14:54","guid":{"rendered":"https:\/\/aidafuentes.com\/?page_id=150"},"modified":"2021-10-23T08:25:07","modified_gmt":"2021-10-23T06:25:07","slug":"cookies","status":"publish","type":"page","link":"https:\/\/aidafuentes.com\/ca\/cookies\/","title":{"rendered":"Pol\u00edtica de Cookies"},"content":{"rendered":"\t\t<div data-elementor-type=\"wp-page\" data-elementor-id=\"150\" class=\"elementor elementor-150\" data-elementor-settings=\"[]\">\n\t\t\t\t\t\t\t<div class=\"elementor-section-wrap\">\n\t\t\t\t\t\t\t<section class=\"elementor-section elementor-top-section elementor-element elementor-element-ca217c9 elementor-section-boxed elementor-section-height-default elementor-section-height-default\" data-id=\"ca217c9\" data-element_type=\"section\" data-settings=\"{&quot;background_background&quot;:&quot;classic&quot;}\">\n\t\t\t\t\t\t<div class=\"elementor-container elementor-column-gap-default\">\n\t\t\t\t\t<div class=\"elementor-column elementor-col-100 elementor-top-column elementor-element elementor-element-b4c7c32\" data-id=\"b4c7c32\" data-element_type=\"column\">\n\t\t\t<div class=\"elementor-widget-wrap elementor-element-populated\">\n\t\t\t\t\t\t\t\t<section class=\"elementor-section elementor-inner-section elementor-element elementor-element-3dbb0c0 elementor-section-boxed elementor-section-height-default elementor-section-height-default\" data-id=\"3dbb0c0\" data-element_type=\"section\">\n\t\t\t\t\t\t<div class=\"elementor-container elementor-column-gap-default\">\n\t\t\t\t\t<div class=\"elementor-column elementor-col-100 elementor-inner-column elementor-element elementor-element-feadf39\" data-id=\"feadf39\" data-element_type=\"column\">\n\t\t\t<div class=\"elementor-widget-wrap elementor-element-populated\">\n\t\t\t\t\t\t\t\t<div class=\"elementor-element elementor-element-ab708f8 elementor-widget elementor-widget-heading\" data-id=\"ab708f8\" data-element_type=\"widget\" data-widget_type=\"heading.default\">\n\t\t\t\t<div class=\"elementor-widget-container\">\n\t\t\t<h1 class=\"elementor-heading-title elementor-size-default\">Pol\u00edtica de Cookies<\/h1>\t\t<\/div>\n\t\t\t\t<\/div>\n\t\t\t\t\t<\/div>\n\t\t<\/div>\n\t\t\t\t\t\t\t<\/div>\n\t\t<\/section>\n\t\t\t\t<div class=\"elementor-element elementor-element-d4b67c1 elementor-widget elementor-widget-text-editor\" data-id=\"d4b67c1\" data-element_type=\"widget\" data-widget_type=\"text-editor.default\">\n\t\t\t\t<div class=\"elementor-widget-container\">\n\t\t\t\t\t\t\t<p><strong>INTRODUCCI\u00d3<\/strong><\/p>\n<p>La web de A\u00cfDA FUENTES RUIZ utilitza cookies pr\u00f2pies i de tercers. Una cookie \u00e9s un arxiu que es descarrega en el seu ordinador a l\u2019hora d\u2019accedir a determinades p\u00e0gines web. Les cookies permeten a una p\u00e0gina web, entre d\u2019altres finalitats, assegurar el correcte funcionament de la p\u00e0gina, permetre a l&#8217;Usuari un acc\u00e9s m\u00e9s r\u00e0pid als serveis seleccionats, emmagatzemar i recuperar informaci\u00f3 sobre els h\u00e0bits de navegaci\u00f3 d&#8217;un usuari o del seu equip i, fins i tot, depenent de la informaci\u00f3 que continguin i de la forma en qu\u00e8 utilitzi el seu equip, es poden utilitzar per a recon\u00e8ixer a l&#8217;usuari. Les cookies s&#8217;associen \u00fanicament a un usuari an\u00f2nim i el seu ordinador o dispositiu i no proporcionen refer\u00e8ncies que permetin con\u00e8ixer les seves dades personals, excepte perm\u00eds expr\u00e9s d&#8217;aquell.<\/p>\n<p>L&#8217;usuari pot, en tot moment, acceptar o rebutjar les cookies instal\u00b7lades que no siguin estrictament necess\u00e0ries per al correcte funcionament de la web i l&#8217;acc\u00e9s a l&#8217;Usuari als seus serveis, a trav\u00e9s del panell d&#8217;ajust de cookies proporcionat en la nostra web. Aix\u00ed mateix podr\u00e0 configurar el seu navegador en tot moment sense que aix\u00f2 perjudiqui la possibilitat de l&#8217;Usuari d&#8217;accedir als continguts. No obstant aix\u00f2 l&#8217;informem que el rebuig de les cookies pot disminuir el bon funcionament de la web.<\/p>\n<p><\/p>\n<p><strong>&nbsp;<\/strong><\/p>\n<p><strong>COOKIES AFECTADES PER LA NORMATIVA I COOKIES EXEMPTES<\/strong><\/p>\n<p>Segons la directiva de la UE, les cookies que requereixen el consentiment informat per part de l&#8217;usuari s\u00f3n les cookies d&#8217;anal\u00edtica i les de publicitat i afiliaci\u00f3, quedant exceptuades les de car\u00e0cter t\u00e8cnic i les necess\u00e0ries per al funcionament del lloc web o la prestaci\u00f3 de serveis expressament demandats per l&#8217;usuari.<\/p>\n<p><\/p>\n<p><strong>&nbsp;<\/strong><\/p>\n<p><strong>TIPUS DE COOKIES<\/strong><\/p>\n<ol>\n<li>Segons <strong>l&#8217;entitat que les gestioni<\/strong>, hi ha Cookies <strong>pr\u00f2pies<\/strong> (aquelles que s&#8217;envien a l&#8217;equip terminal de l&#8217;usuari des d&#8217;un equip o domini gestionat pel propi editor i des del qual es presta el servei Sol\u00b7licitat per l&#8217;usuari) i de&nbsp; <strong>tercers<\/strong> (les que es envien a l&#8217;equip terminal de l&#8217;usuari des d&#8217;un equip o domini que no \u00e9s gestionat per l&#8217;editor, sin\u00f3 per una altra entitat que tracta les dades obtingudes mitjan\u00e7ant les galetes).<\/li>\n<li>Segons el <strong>temps que romanen actives<\/strong>, hi ha les de <strong>sessi\u00f3<\/strong> (dissenyades per a demanar i emmagatzemar dades mentre l&#8217;usuari accedeix a una p\u00e0gina web) i les <strong>persistents<\/strong> (en qu\u00e8 les dades s&#8217;emmagatzemen en el terminal i poden ser accedits i tractats durant un per\u00edode definit pel responsable de la galeta -pot anar d&#8217;uns minuts a diversos anys).<\/li>\n<li>Segons la <strong>finalitat<\/strong> per a la qual tracten la informaci\u00f3 que recopilen, poden ser:<\/li>\n<\/ol>\n<ul>\n<li style=\"list-style-type: none;\">\n<ul>\n<li><strong>Cookies t\u00e8cniques<\/strong> (necess\u00e0ries per a l&#8217;\u00fas del web i la prestaci\u00f3 del servei contractat),<\/li>\n<li><strong>Cookies de personalitzaci\u00f3<\/strong> (que permeten a l&#8217;usuari accedir al servei amb caracter\u00edstiques predefinides, com ara l&#8217;idioma, tipus de navegador, configuraci\u00f3 regional, etc.)<\/li>\n<li><strong>Cookies d&#8217;an\u00e0lisi<\/strong> (recullen informaci\u00f3 l&#8217;\u00fas que es realitza del web),<\/li>\n<li><strong>Cookies publicit\u00e0ries<\/strong> (recullen informaci\u00f3 sobre les prefer\u00e8ncies i eleccions personals dels usuaris),<\/li>\n<li><strong>Cookies d&#8217;afiliats<\/strong> (permeten fer un seguiment de les visites procedents d&#8217;altres webs, amb les que el lloc web estableix un contracte d&#8217;afiliaci\u00f3).<\/li>\n<\/ul>\n<\/li>\n<\/ul>\n<p>Mentre navega per la nostra web, poden emmagatzemar-se en el seu navegador les galetes de les nostres xarxes socials. A continuaci\u00f3, us expliquem els enlla\u00e7os sobre les galetes de les xarxes socials que utilitzem en aquesta web:<\/p>\n<ul>\n<li>Cookies de Facebook, veure m\u00e9s informaci\u00f3 a la seva <a href=\"https:\/\/es-es.facebook.com\/policies\/cookies\/\">pol\u00edtica de cookies<\/a><\/li>\n<li>Cookies de Twitter, veure m\u00e9s informaci\u00f3 a la seva <a href=\"https:\/\/help.twitter.com\/es\/rules-and-policies\/twitter-cookies\">pol\u00edtica de cookies<\/a><\/li>\n<li>Cookies d&#8217;Instagram, veure m\u00e9s informaci\u00f3 a la seva <a href=\"https:\/\/es-es.facebook.com\/policies\/cookies\/\">pol\u00edtica de cookies<\/a><\/li>\n<li>Cookies de Linkedin, veure m\u00e9s informaci\u00f3 a la seva <a href=\"https:\/\/www.linkedin.com\/legal\/cookie-policy?_l=es_ES\">pol\u00edtica de cookies<\/a><\/li>\n<li>Cookies de Pinterest, veure m\u00e9s informaci\u00f3 a la seva <a href=\"https:\/\/policy.pinterest.com\/es\/cookies\">pol\u00edtica de cookies<\/a><\/li>\n<li>Cookies de Youtube, veure m\u00e9s informaci\u00f3 a la seva <a href=\"https:\/\/policies.google.com\/technologies\/cookies?hl=es\">pol\u00edtica de cookies<\/a><\/li>\n<\/ul>\n<p><strong>&nbsp;<\/strong><\/p>\n<p><strong>REVOCACI\u00d3<\/strong><\/p>\n<p>En tot moment podr\u00e0 accedir a la configuraci\u00f3 del seu navegador acceptant o rebutjant totes les cookies, o b\u00e9 seleccionar aquelles que la instal\u00b7laci\u00f3 admet i les que no, seguint un dels seg\u00fcents procediments, que dep\u00e8n del navegador que utilitzi:<\/p>\n<p><strong>Google Chrome <\/strong>(al Men\u00fa Eines):<\/p>\n<p>Configuraci\u00f3 &gt; Mostrar opcions avan\u00e7ades &gt; Privadesa (Configuraci\u00f3 de contingut) &gt; Cookies: https:\/\/support.google.com\/chrome\/answer\/95647?co=GENIE.Platform%3DDesktopandhl=es<\/p>\n<p><strong>Microsoft Internet Explorer<\/strong> (al Men\u00fa Eines):<\/p>\n<p>Opcions d\u2019Internet &gt; Privadesa &gt; Avan\u00e7ada: https:\/\/support.microsoft.com\/es-es\/help\/17442\/windows-internet-explorer-delete-manage-cookies<\/p>\n<p><strong>Firefox:<\/strong><\/p>\n<p>Opcions &gt; Privadesa &gt; Cookies: https:\/\/support.mozilla.org\/es\/kb\/habilitar-y-deshabilitar-cookies-sitios-web-rastrear-preferencias<\/p>\n<p><strong>Safari, iPad i iPhone:<\/strong><\/p>\n<p>Prefer\u00e8ncies &gt; Privadesa https:\/\/support.apple.com\/kb\/ph21411?locale=es_ES<\/p>\n<p><strong>Opera:<\/strong><\/p>\n<p>Configuraci\u00f3 &gt; Opcions &gt; Avan\u00e7ada &gt; Cookies http:\/\/help.opera.com\/Windows\/12.00\/es-ES\/cookies.html<\/p>\n<p>Aquests navegadors estan sotmesos a actualitzacions o modificacions, pel que no podem garantir que s&#8217;ajustin completament a la versi\u00f3 del seu navegador. Tamb\u00e9 pot ser que utilitzi un altre navegador no contemplat en aquests enlla\u00e7os com ara Konqueror, Arora, Flock, etc. Per evitar aquests desajustos, pot accedir directament des de les opcions del seu navegador, generalment al men\u00fa de &#8220;Opcions&#8221; a la secci\u00f3 de &#8220;Privadesa&#8221;. (Si us plau, consulteu l&#8217;ajuda del seu navegador per a m\u00e9s informaci\u00f3).<\/p>\n<p><\/p>\n<p><strong>&nbsp;<\/strong><\/p>\n<p><strong>DESACTIVACI\u00d3\/ACTIVACI\u00d3 I ELIMINACI\u00d3 DE COOKIES<\/strong><\/p>\n<p>Per restringir o bloquejar les cookies, es fa a trav\u00e9s de la configuraci\u00f3 del navegador.<\/p>\n<p>Si no desitja que els llocs web posin cap cookie al seu equip, pot adaptar la configuraci\u00f3 del navegador de manera que se li notifiqui abans que es col\u00b7loqui cap cookie. De la mateixa manera, pot adaptar la configuraci\u00f3 de manera que el navegador rebutgi totes les cookies, o \u00fanicament les cookies de tercers. Tamb\u00e9 pot eliminar qualsevol de les cookies que ja es trobin en l&#8217;equip. Recordeu que s&#8217;haur\u00e0 d&#8217;adaptar per separat la configuraci\u00f3 de cada navegador i equip que utilitzi.<\/p>\n<p>Recordeu que si no desitja rebre cookies, ja no podrem garantir que el nostre lloc web funcioni com cal. Potser algunes funcions del lloc es perdin i \u00e9s possible que ja no pugui veure certs llocs web. A m\u00e9s, rebutjar les cookies no vol dir que ja no vagi a veure anuncis publicitaris. Simplement els anuncis no s&#8217;ajustaran als seus interessos i es repetiran amb m\u00e9s freq\u00fc\u00e8ncia.<\/p>\n<p>Cada navegador t\u00e9 un m\u00e8tode diferent per adaptar la configuraci\u00f3. Si cal, consulteu la funci\u00f3 d&#8217;ajuda del navegador per establir la configuraci\u00f3 correcta.<\/p>\n<p>Per desactivar les cookies al tel\u00e8fon m\u00f2bil, consulteu el manual del dispositiu per obtenir m\u00e9s informaci\u00f3.<\/p>\n<p>Podeu obtenir m\u00e9s informaci\u00f3 sobre les cookies a Internet, <a href=\"http:\/\/www.aboutcookies.org\/\">http:\/\/www.aboutcookies.org<\/a>.<\/p>\n<p>Tenint en compte la forma en qu\u00e8 funciona Internet i els llocs web, no sempre comptem amb informaci\u00f3 de les cookies que col\u00b7loquen terceres parts a trav\u00e9s del nostre lloc web. Aix\u00f2 s&#8217;aplica especialment a casos en qu\u00e8 la nostra p\u00e0gina web cont\u00e9 el que es denominen elements integrats: textos, documents, imatges o breus pel\u00b7l\u00edcules que s&#8217;emmagatzemen en una altra part, per\u00f2 es mostren al nostre lloc web o mitjan\u00e7ant el mateix.<\/p>\n<p>Per tant, en cas que es trobi amb aquest tipus de cookies en aquest lloc web i no estiguin enumerades en la llista anterior, li preguem que ens ho comuniqui. O b\u00e9 poseu-vos en contacte directament amb el tercer per demanar-li informaci\u00f3 sobre les cookies que col\u00b7loca, la finalitat i la durada de la cookie, i com ha garantit la seva privacitat.<\/p>\n<p><\/p>\n<p><strong>&nbsp;<\/strong><\/p>\n<p><strong>INFORMACI\u00d3 RELACIONADA AMB EL TRACTAMENT DE DADES PERSONALS (ART. 13 RGPD)<\/strong><\/p><p><strong style=\"color: var( --e-global-color-text ); background-color: var( --e-global-color-7e16bf4 );\">Qui \u00e9s el responsable del tractament de les seves dades personals?<\/strong><\/p>\n<p>A\u00cfDA FUENTES RUIZ \u00e9s el responsable del tractament de les dades personals que vost\u00e8 ens proporciona, situat en C\/ Marqu\u00e8s Caldes de Montbui, 74-76, 17003 Girona, (Girona) i amb CIF&nbsp; 40326285V&nbsp; Tel\u00e8fon 659196773 i mail de contacte aidafuents@gmail.com.<\/p>\n<p>Si no desitja que els llocs web posin cap cookie al seu equip, pot adaptar la configuraci\u00f3 de el navegador de manera que se li notifiqui abans que es col\u00b7loqui cap cookie. De la mateixa manera, pot adaptar la configuraci\u00f3 de manera que el navegador rebutgi totes les cookies, o \u00fanicament les cookies de tercers. Tamb\u00e9 pot eliminar qualsevol de les cookies que ja es trobin en l&#8217;equip. Recordeu que s&#8217;haur\u00e0 d&#8217;adaptar per separat la configuraci\u00f3 de cada navegador i equip que utilitzi.<\/p>\n<p><\/p>\n<p><strong>Per a qu\u00e8 utilitzem les seves dades personals?<\/strong><\/p>\n<p>La informaci\u00f3 recopilada a trav\u00e9s de les cookies pr\u00f2pies (cookies de sessi\u00f3 i d&#8217;entrada d&#8217;usuari) es solen utilitzar per a rastrejar les accions de l&#8217;usuari en emplenar els formularis en l\u00ednia en diverses p\u00e0gines, o com a cistella de la compra per a fer el seguiment dels articles que l&#8217;usuari ha seleccionat en pr\u00e9mer un bot\u00f3, o per a personalitzar la interface de l&#8217;usuari en visitar la p\u00e0gina web.<\/p>\n<p>La informaci\u00f3 recopilada a trav\u00e9s de les cookies de tercers \u00e9s la seg\u00fcent:<\/p>\n<p>&#8211; A trav\u00e9s de les cookies anal\u00edtiques s&#8217;analitzen els seus h\u00e0bits de navegaci\u00f3 per a millorar els serveis prestats;<\/p>\n<p>&#8211; A trav\u00e9s de les cookies comportamentals es recull informaci\u00f3 sobre les prefer\u00e8ncies de l&#8217;usuari per a gestionar els espais publicitaris de la forma m\u00e9s efica\u00e7 possible; i<\/p>\n<p>&#8211; a trav\u00e9s de les cookies publicit\u00e0ries es mesura el rendiment dels anuncis i es proporcionen recomanacions relatives a productes basades en dades estad\u00edstiques.<\/p>\n<p>Per a veure exactament l&#8217;\u00fas de les cookies vegeu el quadre sobre l&#8217;\u00fas de les cookies en aquest document.<\/p>\n<p><\/p>\n<p><strong>Quina \u00e9s la base legal per al tractament de les seves dades personals?<\/strong><\/p>\n<p>La legitimaci\u00f3 per al tractament de les seves dades personals ve donada pel seu consentiment, atorgat en el moment de posar-se en contacte amb nosaltres, per a la utilitzaci\u00f3 de cookies anal\u00edtiques, comportamentals i publicit\u00e0ries; per a les cookies de sessi\u00f3 o personalitzaci\u00f3, la legitimaci\u00f3 per al tractament ve donada per l&#8217;inter\u00e8s leg\u00edtim del prestador (responsable del tractament).<\/p>\n<p><\/p>\n<p><strong>A qui comuniquem les seves dades?<\/strong><\/p>\n<p>No se cediran ni comunicaran dades a tercers, excepte per obligaci\u00f3 legal o als tercers indicats en el cas d&#8217;\u00fas de cookies gestionades per aquests.<\/p>\n<p><\/p>\n<p><strong>Quin \u00e9s el termini de conservaci\u00f3 de les seves dades?<\/strong><\/p>\n<p>El termini de conservaci\u00f3 de les dades recollides \u00e9s l&#8217;indicat en el quadre sobre l&#8217;\u00fas de les cookies en aquest document.<\/p>\n<p><\/p>\n<p><strong>Quins s\u00f3n els seus drets?<\/strong><\/p>\n<p>Els drets que emparen a l&#8217;usuari s\u00f3n els d&#8217;acc\u00e9s, rectificaci\u00f3, supressi\u00f3, portabilitat d&#8217;aquests, retirada del consentiment (sense que aix\u00f2 afecti la licitud del tractament atorgat pr\u00e8viament a la seva retirada), oposici\u00f3 al tractament, limitaci\u00f3 (en determinades circumst\u00e0ncies) i a presentar una reclamaci\u00f3 davant l&#8217;autoritat de control (l&#8217;Ag\u00e8ncia Espanyola de protecci\u00f3 de dades, www.aepd.es).<\/p>\t\t\t\t\t\t<\/div>\n\t\t\t\t<\/div>\n\t\t\t\t<div class=\"elementor-element elementor-element-957b5b9 elementor-widget elementor-widget-text-editor\" data-id=\"957b5b9\" data-element_type=\"widget\" data-widget_type=\"text-editor.default\">\n\t\t\t\t<div class=\"elementor-widget-container\">\n\t\t\t\t\t\t\t<p><strong>DECLARACI\u00d3 DE COOKIES i\u00a0<\/strong><strong>TIPUS DE COOKIES UTILITZADES PER AQUEST LLOC WEB<\/strong><\/p>\t\t\t\t\t\t<\/div>\n\t\t\t\t<\/div>\n\t\t\t\t<div class=\"elementor-element elementor-element-fde9612 elementor-widget elementor-widget-text-editor\" data-id=\"fde9612\" data-element_type=\"widget\" data-widget_type=\"text-editor.default\">\n\t\t\t\t<div class=\"elementor-widget-container\">\n\t\t\t\t\t\t\t<p>\u00a0<\/p><p><strong>MODIFICAR EL CONSENTIMENT DE COOKIES<\/strong><\/p>\t\t\t\t\t\t<\/div>\n\t\t\t\t<\/div>\n\t\t\t\t<div class=\"elementor-element elementor-element-005d8ad elementor-widget elementor-widget-html\" data-id=\"005d8ad\" data-element_type=\"widget\" data-widget_type=\"html.default\">\n\t\t\t\t<div class=\"elementor-widget-container\">\n\t\t\t<u><a href=\"javascript: Cookiebot.renew()\">Canviar el teu consentiment<\/a><\/u>\t\t<\/div>\n\t\t\t\t<\/div>\n\t\t\t\t<div class=\"elementor-element elementor-element-5e7618f elementor-widget elementor-widget-html\" data-id=\"5e7618f\" data-element_type=\"widget\" data-widget_type=\"html.default\">\n\t\t\t\t<div class=\"elementor-widget-container\">\n\t\t\t<u><a href=\"javascript: Cookiebot.withdraw()\">Revocar el teu consentiment<\/a><\/u>\t\t<\/div>\n\t\t\t\t<\/div>\n\t\t\t\t\t<\/div>\n\t\t<\/div>\n\t\t\t\t\t\t\t<\/div>\n\t\t<\/section>\n\t\t\t\t\t\t<\/div>\n\t\t\t\t\t<\/div>\n\t\t","protected":false},"excerpt":{"rendered":"<p>Pol\u00edtica de Cookies INTRODUCCI\u00d3 La web de A\u00cfDA FUENTES RUIZ utilitza cookies pr\u00f2pies i de tercers. Una cookie \u00e9s un arxiu que es descarrega en el seu ordinador a l\u2019hora d\u2019accedir a determinades p\u00e0gines web. Les cookies permeten a una p\u00e0gina web, entre d\u2019altres finalitats, assegurar el correcte funcionament de la p\u00e0gina, permetre a l&#8217;Usuari &#8230; <a title=\"Pol\u00edtica de Cookies\" class=\"read-more\" href=\"https:\/\/aidafuentes.com\/ca\/cookies\/\" aria-label=\"M\u00e9s sobre Pol\u00edtica de Cookies\">Llegiu m\u00e9s<\/a><\/p>\n","protected":false},"author":2,"featured_media":0,"parent":0,"menu_order":0,"comment_status":"closed","ping_status":"closed","template":"elementor_header_footer","meta":[],"yoast_head":"<!-- This site is optimized with the Yoast SEO plugin v18.1 - https:\/\/yoast.com\/wordpress\/plugins\/seo\/ -->\n<title>Pol\u00edtica de Cookies - A\u00efda Fuentes<\/title>\n<meta name=\"robots\" content=\"index, follow, max-snippet:-1, max-image-preview:large, max-video-preview:-1\" \/>\n<link rel=\"canonical\" href=\"https:\/\/aidafuentes.com\/ca\/cookies\/\" \/>\n<meta property=\"og:locale\" content=\"ca_ES\" \/>\n<meta property=\"og:type\" content=\"article\" \/>\n<meta property=\"og:title\" content=\"Pol\u00edtica de Cookies - A\u00efda Fuentes\" \/>\n<meta property=\"og:description\" content=\"Pol\u00edtica de Cookies INTRODUCCI\u00d3 La web de A\u00cfDA FUENTES RUIZ utilitza cookies pr\u00f2pies i de tercers. Una cookie \u00e9s un arxiu que es descarrega en el seu ordinador a l\u2019hora d\u2019accedir a determinades p\u00e0gines web. Les cookies permeten a una p\u00e0gina web, entre d\u2019altres finalitats, assegurar el correcte funcionament de la p\u00e0gina, permetre a l&#8217;Usuari ... Llegiu m\u00e9s\" \/>\n<meta property=\"og:url\" content=\"https:\/\/aidafuentes.com\/ca\/cookies\/\" \/>\n<meta property=\"og:site_name\" content=\"A\u00efda Fuentes\" \/>\n<meta property=\"article:modified_time\" content=\"2021-10-23T06:25:07+00:00\" \/>\n<meta name=\"twitter:card\" content=\"summary_large_image\" \/>\n<meta name=\"twitter:label1\" content=\"Temps estimat de lectura\" \/>\n\t<meta name=\"twitter:data1\" content=\"8 minuts\" \/>\n<script type=\"application\/ld+json\" class=\"yoast-schema-graph\">{\"@context\":\"https:\/\/schema.org\",\"@graph\":[{\"@type\":\"WebSite\",\"@id\":\"https:\/\/aidafuentes.com\/#website\",\"url\":\"https:\/\/aidafuentes.com\/\",\"name\":\"A\u00efda Fuentes\",\"description\":\"Psic\u00f2loga Girona\",\"potentialAction\":[{\"@type\":\"SearchAction\",\"target\":{\"@type\":\"EntryPoint\",\"urlTemplate\":\"https:\/\/aidafuentes.com\/?s={search_term_string}\"},\"query-input\":\"required name=search_term_string\"}],\"inLanguage\":\"ca\"},{\"@type\":\"WebPage\",\"@id\":\"https:\/\/aidafuentes.com\/cookies\/#webpage\",\"url\":\"https:\/\/aidafuentes.com\/cookies\/\",\"name\":\"Pol\u00edtica de Cookies - A\u00efda Fuentes\",\"isPartOf\":{\"@id\":\"https:\/\/aidafuentes.com\/#website\"},\"datePublished\":\"2021-10-23T06:14:54+00:00\",\"dateModified\":\"2021-10-23T06:25:07+00:00\",\"breadcrumb\":{\"@id\":\"https:\/\/aidafuentes.com\/cookies\/#breadcrumb\"},\"inLanguage\":\"ca\",\"potentialAction\":[{\"@type\":\"ReadAction\",\"target\":[\"https:\/\/aidafuentes.com\/cookies\/\"]}]},{\"@type\":\"BreadcrumbList\",\"@id\":\"https:\/\/aidafuentes.com\/cookies\/#breadcrumb\",\"itemListElement\":[{\"@type\":\"ListItem\",\"position\":1,\"name\":\"Portada\",\"item\":\"https:\/\/aidafuentes.com\/\"},{\"@type\":\"ListItem\",\"position\":2,\"name\":\"Pol\u00edtica de Cookies\"}]}]}<\/script>\n<!-- \/ Yoast SEO plugin. -->","yoast_head_json":{"title":"Pol\u00edtica de Cookies - A\u00efda Fuentes","robots":{"index":"index","follow":"follow","max-snippet":"max-snippet:-1","max-image-preview":"max-image-preview:large","max-video-preview":"max-video-preview:-1"},"canonical":"https:\/\/aidafuentes.com\/ca\/cookies\/","og_locale":"ca_ES","og_type":"article","og_title":"Pol\u00edtica de Cookies - A\u00efda Fuentes","og_description":"Pol\u00edtica de Cookies INTRODUCCI\u00d3 La web de A\u00cfDA FUENTES RUIZ utilitza cookies pr\u00f2pies i de tercers. Una cookie \u00e9s un arxiu que es descarrega en el seu ordinador a l\u2019hora d\u2019accedir a determinades p\u00e0gines web. Les cookies permeten a una p\u00e0gina web, entre d\u2019altres finalitats, assegurar el correcte funcionament de la p\u00e0gina, permetre a l&#8217;Usuari ... Llegiu m\u00e9s","og_url":"https:\/\/aidafuentes.com\/ca\/cookies\/","og_site_name":"A\u00efda Fuentes","article_modified_time":"2021-10-23T06:25:07+00:00","twitter_card":"summary_large_image","twitter_misc":{"Temps estimat de lectura":"8 minuts"},"schema":{"@context":"https:\/\/schema.org","@graph":[{"@type":"WebSite","@id":"https:\/\/aidafuentes.com\/#website","url":"https:\/\/aidafuentes.com\/","name":"A\u00efda Fuentes","description":"Psic\u00f2loga Girona","potentialAction":[{"@type":"SearchAction","target":{"@type":"EntryPoint","urlTemplate":"https:\/\/aidafuentes.com\/?s={search_term_string}"},"query-input":"required name=search_term_string"}],"inLanguage":"ca"},{"@type":"WebPage","@id":"https:\/\/aidafuentes.com\/cookies\/#webpage","url":"https:\/\/aidafuentes.com\/cookies\/","name":"Pol\u00edtica de Cookies - A\u00efda Fuentes","isPartOf":{"@id":"https:\/\/aidafuentes.com\/#website"},"datePublished":"2021-10-23T06:14:54+00:00","dateModified":"2021-10-23T06:25:07+00:00","breadcrumb":{"@id":"https:\/\/aidafuentes.com\/cookies\/#breadcrumb"},"inLanguage":"ca","potentialAction":[{"@type":"ReadAction","target":["https:\/\/aidafuentes.com\/cookies\/"]}]},{"@type":"BreadcrumbList","@id":"https:\/\/aidafuentes.com\/cookies\/#breadcrumb","itemListElement":[{"@type":"ListItem","position":1,"name":"Portada","item":"https:\/\/aidafuentes.com\/"},{"@type":"ListItem","position":2,"name":"Pol\u00edtica de Cookies"}]}]}},"_links":{"self":[{"href":"https:\/\/aidafuentes.com\/ca\/wp-json\/wp\/v2\/pages\/150"}],"collection":[{"href":"https:\/\/aidafuentes.com\/ca\/wp-json\/wp\/v2\/pages"}],"about":[{"href":"https:\/\/aidafuentes.com\/ca\/wp-json\/wp\/v2\/types\/page"}],"author":[{"embeddable":true,"href":"https:\/\/aidafuentes.com\/ca\/wp-json\/wp\/v2\/users\/2"}],"replies":[{"embeddable":true,"href":"https:\/\/aidafuentes.com\/ca\/wp-json\/wp\/v2\/comments?post=150"}],"version-history":[{"count":7,"href":"https:\/\/aidafuentes.com\/ca\/wp-json\/wp\/v2\/pages\/150\/revisions"}],"predecessor-version":[{"id":158,"href":"https:\/\/aidafuentes.com\/ca\/wp-json\/wp\/v2\/pages\/150\/revisions\/158"}],"wp:attachment":[{"href":"https:\/\/aidafuentes.com\/ca\/wp-json\/wp\/v2\/media?parent=150"}],"curies":[{"name":"wp","href":"https:\/\/api.w.org\/{rel}","templated":true}]}}