{"id":139,"date":"2021-10-23T08:00:59","date_gmt":"2021-10-23T06:00:59","guid":{"rendered":"https:\/\/aidafuentes.com\/?page_id=139"},"modified":"2021-10-23T08:06:45","modified_gmt":"2021-10-23T06:06:45","slug":"avis-legal","status":"publish","type":"page","link":"https:\/\/aidafuentes.com\/ca\/avis-legal\/","title":{"rendered":"Av\u00eds Legal"},"content":{"rendered":"\t\t<div data-elementor-type=\"wp-page\" data-elementor-id=\"139\" class=\"elementor elementor-139\" data-elementor-settings=\"[]\">\n\t\t\t\t\t\t\t<div class=\"elementor-section-wrap\">\n\t\t\t\t\t\t\t<section class=\"elementor-section elementor-top-section elementor-element elementor-element-ca217c9 elementor-section-boxed elementor-section-height-default elementor-section-height-default\" data-id=\"ca217c9\" data-element_type=\"section\" data-settings=\"{&quot;background_background&quot;:&quot;classic&quot;}\">\n\t\t\t\t\t\t<div class=\"elementor-container elementor-column-gap-default\">\n\t\t\t\t\t<div class=\"elementor-column elementor-col-100 elementor-top-column elementor-element elementor-element-b4c7c32\" data-id=\"b4c7c32\" data-element_type=\"column\">\n\t\t\t<div class=\"elementor-widget-wrap elementor-element-populated\">\n\t\t\t\t\t\t\t\t<section class=\"elementor-section elementor-inner-section elementor-element elementor-element-3dbb0c0 elementor-section-boxed elementor-section-height-default elementor-section-height-default\" data-id=\"3dbb0c0\" data-element_type=\"section\">\n\t\t\t\t\t\t<div class=\"elementor-container elementor-column-gap-default\">\n\t\t\t\t\t<div class=\"elementor-column elementor-col-100 elementor-inner-column elementor-element elementor-element-feadf39\" data-id=\"feadf39\" data-element_type=\"column\">\n\t\t\t<div class=\"elementor-widget-wrap elementor-element-populated\">\n\t\t\t\t\t\t\t\t<div class=\"elementor-element elementor-element-ab708f8 elementor-widget elementor-widget-heading\" data-id=\"ab708f8\" data-element_type=\"widget\" data-widget_type=\"heading.default\">\n\t\t\t\t<div class=\"elementor-widget-container\">\n\t\t\t<h2 class=\"elementor-heading-title elementor-size-default\">Av\u00eds Legal<\/h2>\t\t<\/div>\n\t\t\t\t<\/div>\n\t\t\t\t\t<\/div>\n\t\t<\/div>\n\t\t\t\t\t\t\t<\/div>\n\t\t<\/section>\n\t\t\t\t<div class=\"elementor-element elementor-element-d4b67c1 elementor-widget elementor-widget-text-editor\" data-id=\"d4b67c1\" data-element_type=\"widget\" data-widget_type=\"text-editor.default\">\n\t\t\t\t<div class=\"elementor-widget-container\">\n\t\t\t\t\t\t\t<p>Amb la finalitat d&#8217;acomplir a l\u2019article 10 de la Llei 34\/2002 de Serveis de la Societat de la Informaci\u00f3 i del Comer\u00e7 Electr\u00f2nic, informem els usuaris de les nostres dades:<\/p><p>Denominaci\u00f3 Social: <strong>A\u00cfDA FUENTES RUIZ<\/strong><\/p><p>Domicili Social: C\/ Marqu\u00e8s Caldes de Montbui, 74-76, 17003 Girona, (Girona)<\/p><p>NIF: 40326285V<\/p><p>Tel\u00e8fon: 659196773<\/p><p>E-Mail: hola@aidafuentes.com<\/p><p>Lloc Web: aidafuentes.com<\/p><p>\u00a0<\/p><p><strong>1. OBJECTE<\/strong><\/p><p><strong>A\u00cfDA FUENTES RUIZ<\/strong> (en endavant tamb\u00e9 el prestador) com a responsable del lloc web, posa a disposici\u00f3 dels usuaris el present document que regula l\u2019\u00fas del lloc web aidafuentes.com,amb el que pretenem donar compliment a les obligacions que disposa la Llei 34\/2002, de Serveis de la Societat de la Informaci\u00f3 i del Comer\u00e7 Electr\u00f2nic (LSSICE o LSSI), aix\u00ed com informar a tots els usuaris del lloc web respecte de quines s\u00f3n les condicions d\u2019\u00fas del lloc web.<\/p><p>A trav\u00e9s de la Web, <strong>A\u00cfDA FUENTES RUIZ<\/strong> facilita als usuaris l\u2019acc\u00e9s i la utilitzaci\u00f3 de diferents serveis i continguts posats a disposici\u00f3 a trav\u00e9s de la web.<\/p><p>Tota persona que accedeixi en aquesta web assumeix el paper d\u2019usuari (en endavant usuari), i implica l\u2019acceptaci\u00f3 total i sense reserves de totes i cadascuna de les disposicions incloses en aquest av\u00eds legal, aix\u00ed com a qualsevol altra disposici\u00f3 legal que sigui d\u2019aplicaci\u00f3.<\/p><p>Com a usuaris, han de llegir atentament aquest Av\u00eds Legal en qualsevol de les ocasions que entrin a la web, doncs aquesta pot sofrir modificacions ja que el prestador es reserva el dret a modificar qualsevol tipus d\u2019informaci\u00f3 que pugui apar\u00e8ixer en la web, sense que existeixi l\u2019obligaci\u00f3 de preav\u00eds o posar en coneixement dels usuaris aquestes obligacions, sent suficients la publicaci\u00f3 en la p\u00e0gina web del prestador.<\/p><p><strong>2. CONDICIONS D&#8217;ACC\u00c9S I \u00daS DE LA WEB<\/strong><\/p><p><strong>2.1. Car\u00e0cter gratu\u00eft de l&#8217;acc\u00e9s i \u00fas de la web<\/strong><\/p><p>La prestaci\u00f3 dels serveis per part de <strong>A\u00cfDA FUENTES RUIZ<\/strong> t\u00e9 car\u00e0cter gratu\u00eft per a tots els usuaris. Malgrat aix\u00f2, alguns dels serveis subministrats pel prestador a trav\u00e9s de la web estan subjectes al pagament d\u2019un preu determinat a les condicions generals de contractaci\u00f3.<\/p><p><strong>2.2. Registre d&#8217;Usuaris<\/strong><\/p><p>Amb car\u00e0cter general la prestaci\u00f3 dels serveis no exigeix la pr\u00e8via subscripci\u00f3 o registre dels usuaris. Tot i aix\u00f2, <strong>A\u00cfDA FUENTES RUIZ<\/strong> condiciona l\u2019\u00fas d\u2019alguns dels serveis a la pr\u00e8via complementaci\u00f3 del corresponent registre d\u2019usuari. Aquest registre s\u2019efectuar\u00e0 en la forma expressament indicada en la pr\u00f2pia secci\u00f3 del servei.<\/p><p><strong>2.3. Veracitat de la informaci\u00f3<\/strong><\/p><p>Tota la informaci\u00f3 que facilita l\u2019usuari ha de ser certa. A aquests efectes, l\u2019usuari garanteix l\u2019autenticitat de les dades comunicades a trav\u00e9s dels formularis per a la subscripci\u00f3 dels serveis. Ser\u00e0 responsabilitat de l\u2019usuari mantenir tota la informaci\u00f3 facilitada a <strong>A\u00cfDA FUENTES RUIZ<\/strong> permanentment actualitzada de forma que respongui, en cada moment, a la seva situaci\u00f3 real. En tot cas, l\u2019usuari ser\u00e0 l\u2019\u00fanic responsable de les manifestacions falses o inexactes que realitzi i dels perjudicis que causi al prestador o a tercers.<\/p><p><strong>2.4. Menors d&#8217;edat<\/strong><\/p><p>Per l\u2019\u00fas dels serveis, els menors d\u2019edat han d\u2019obtenir sempre pr\u00e8viament el consentiment dels pares, tutors o representants legals, responsables \u00faltims de tots els actes realitzats pels menors al seu c\u00e0rrec. La responsabilitat en la determinaci\u00f3 de continguts concrets, als quals accedeixen els menors correspon a aquells, \u00e9s per aix\u00f2 que si accedeixen a contingut no apropiats per internet, s\u2019hauran d\u2019establir en els seus ordinadors mecanismes, en particular programes inform\u00e0tics, filtres i bloquejos, que permetin limitar els continguts disponibles i, encara que no siguin infal\u00b7libles, s\u00f3n d\u2019especial utilitat per a controlar i restringir els materials als quals poden accedir els menors.<\/p><p><strong>2.5. Obligaci\u00f3 de fer un \u00fas correcte de la Web<\/strong><\/p><p>L\u2019usuari es compromet a utilitzar la web de conformitat a la Llei i al present Av\u00eds Legal, aix\u00ed com a la moral i a les bones costums. A tal efecte, l\u2019usuari s\u2019abstindr\u00e0 d\u2019utilitzar la p\u00e0gina amb finalitats il\u00b7l\u00edcites o prohibides, lesives de drets i interessos de tercers, o que de qualsevol forma puguin danyar, inutilitzar, sobrecarregar, deteriorar o impedir la normal utilitzaci\u00f3 d\u2019equips inform\u00e0tics o documents, arxius i tota classe de continguts emmagatzemats en qualsevol equip inform\u00e0tic del prestador.<\/p><p>En particular, i a t\u00edtol indicatiu per\u00f2 no exhaustiu, l\u2019usuari es compromet a no transmetre, difondre o posar a disposici\u00f3 de tercers: informacions, dades, continguts, missatges, gr\u00e0fiques, dibuixos, arxius de so o imatge, fotografies, gravacions, software i, en general, qualsevol classe de material que:<\/p><ul><li>sigui contaria, menyspre\u00ef o atempti contra els drets fonamentals i les llibertats p\u00fabliques reconegudes constitucionalment, en tractats internacionals i altres normes vigents;<\/li><li>indueixi, inciti o promogui actuacions delictives, denigrants, difamat\u00f2ries, violentes o, en general, contr\u00e0ries a la llei, a la moral i a l\u2019ordre p\u00fablic;<\/li><li>indueixi, inciti o promogui actuacions, actituds o pensaments discriminatoris per ra\u00f3 de sexe, ra\u00e7a, religi\u00f3, creences, edat o condici\u00f3;<\/li><li>sigui contrari al dret a l\u2019honor, a la intimitat personal o familiar o a la pr\u00f2pia imatge de les persones;<\/li><li>de qualsevol manera perjudiqui la credibilitat del prestador o de tercers; i<\/li><li>constitueixi publicitat il\u00b7l\u00edcita, enganyosa o deslleial.<\/li><\/ul><p><strong>3. EXCLUSI\u00d3 DE GARANTIES I RESPONSABILITAT<\/strong><\/p><p>El prestador s\u2019eximeix de qualsevol tipus de responsabilitat derivada de la informaci\u00f3 publicada en el nostre lloc web, sempre que aquesta informaci\u00f3 hagi sigut manipulada o introdu\u00efda per un tercer ali\u00e8.<\/p><p>Aquesta web ha estat revisada i provada perqu\u00e8 funcioni correctament. En principi, es pot garantir el correcte funcionament els 365 dies de l\u2019any, 24 hores al dia. No obstant, el prestador no descarta la possibilitat que existeixin determinats errors de programaci\u00f3, o que succeeixin causes de for\u00e7a major, cat\u00e0strofes naturals, vagues, o circumst\u00e0ncies semblants que facin impossible l\u2019acc\u00e9s a la p\u00e0gina web.<\/p><p><strong>A\u00cfDA FUENTES RUIZ<\/strong> no atorga cap garantia ni es fa responsable, en cap cas, dels danys i perjudicis de qualsevol naturalesa que poguessin sortir a col\u00b7laci\u00f3 de la falta de disponibilitat, manteniment i efectiu funcionament de la web o dels seus serveis i continguts; de l\u2019exist\u00e8ncia de virus, programes maliciosos o lesius dels continguts; de l\u2019\u00fas il\u00b7l\u00edcit, negligent, fraudulent o contrari a aquest Av\u00eds Legal i condicions d\u2019\u00fas; o de la falta de licitud, qualitat, fiabilitat, utilitat i disponibilitat dels serveis prestats per tercers a disposici\u00f3 dels usuaris del nostre lloc web.<\/p><p>El prestador no es fa responsable sota cap concepte dels danys que puguin dimanar de l\u2019\u00fas il\u00b7legal o indegut de la present p\u00e0gina web.<\/p><p><strong>4. COOKIES<\/strong><\/p><p>El lloc web del prestador pot utilitzar cookies (petits arxius d\u2019informaci\u00f3 que el servidor envia a l\u2019ordinador de qui accedeix a la p\u00e0gina) per portar a terme determinades funcions que s\u00f3n considerades imprescindibles pel bon funcionament i visualitzaci\u00f3 del lloc. Les cookies utilitzades tenen, en tot cas, car\u00e0cter temporal, amb l&#8217;\u00fanica finalitat de fer m\u00e9s efica\u00e7 la navegaci\u00f3, i desapareixen a l\u2019acabar la sessi\u00f3 de l\u2019usuari. En cap cas s\u2019utilitzaran les cookies per a recollir informaci\u00f3 de car\u00e0cter personal. Per a m\u00e9s informaci\u00f3, veure la nostra Pol\u00edtica de Cookies.<\/p><p><strong>5. ENLLA\u00c7OS (LINKS)<\/strong><\/p><p>Des del lloc web \u00e9s possible que es redirigeixi a continguts patrocinats, anuncis i \/ o enlla\u00e7os d&#8217;afiliats i \/ o de terceres webs. Entre els enlla\u00e7os facilitats, hi ha la possibilitat d&#8217;informar o fer refer\u00e8ncia a productes i \/ o serveis de tercers. At\u00e8s que des de la web no podem controlar els continguts introdu\u00efts pels tercers, A\u00cfDA FUENTES RUIZ no assumeix cap tipus de responsabilitat respecte a aquests continguts, ni garanteix l&#8217;experi\u00e8ncia, integritat o qualitat dels seus productes. En tot cas, el prestador manifesta que procedir\u00e0 a la retirada immediata de qualsevol contingut que pogu\u00e9s contravenir la legislaci\u00f3 nacional o internacional, la moral o l&#8217;ordre p\u00fablic, procedint a la retirada immediata de la re-direcci\u00f3 a aquestes webs, posant en coneixement de les autoritats competents el contingut en q\u00fcesti\u00f3.<\/p><p>A\u00cfDA FUENTES RUIZ tindr\u00e0 publicats aquests enlla\u00e7os fins que siguin eliminats o suspesos pel prestador o per l&#8217;anunciant, i no ser\u00e0 responsable encara que aquests anuncis puguin ser indexats per altres cercadors aliens a aquest web.<\/p><p>El prestador no es responsabilitza de la informaci\u00f3 i continguts emmagatzemats, a t\u00edtol enunciatiu per\u00f2 no limitant, en f\u00f2rums, xats, generadors de blogs, comentaris, xarxes socials o qualsevol altre mitj\u00e0 que permeti a tercers publicar continguts de forma independent a la p\u00e0gina web del prestador. No obstant aix\u00f2 i en compliment del que disposa l&#8217;art. 11 i 16 de la LSSICE, el prestador es posa a disposici\u00f3 de tots els usuaris, autoritats i forces de seguretat, i col\u00b7laborant de forma activa en la retirada o, quan sigui necessari, el bloqueig de tots aquells continguts que puguin afectar o contravenir la legislaci\u00f3 nacional, o internacional, drets de tercers o la moral i l&#8217;ordre p\u00fablic. En cas que l&#8217;usuari consideri que pot existir algun contingut que pogu\u00e9s ser susceptible d&#8217;aquesta classificaci\u00f3, es prega ho faci saber de forma immediata a l&#8217;administrador del lloc web.<\/p><p>Tanmateix, A\u00cfDA FUENTES RUIZ l&#8217;informa que qualsevol relaci\u00f3 contractual o extracontractual que l&#8217;usuari formalitzi amb aquests tercers, afiliats o anunciants mitjan\u00e7ant el link proporcionat per aquest web, ser\u00e0 v\u00e0lid \u00fanicament i exclusivament entre l&#8217;usuari i l&#8217;anunciant i \/ o tercera persona i A\u00cfDA FUENTES RUIZ no tindr\u00e0 cap tipus de responsabilitat sobre els danys o perjudicis que poguessin ser ocasionats per la prestaci\u00f3 de serveis i \/ o relacions contractuals o extracontractuals dutes a terme entre l&#8217;usuari i els anunciants o tercers contactades a trav\u00e9s d&#8217;aquest portal ja que el prestador nom\u00e9s actua com a intermediari o mitj\u00e0 publicitari.<\/p><p><strong>6. PROTECCI\u00d3 DE DADES PERSONALS<\/strong><\/p><p>El prestador est\u00e0 profundament comprom\u00e8s amb el compliment de la normativa de protecci\u00f3 de dades personals i garanteix el compliment \u00edntegre de les obligacions disposades, aix\u00ed com la implementaci\u00f3 de les mesures de seguretat disposades al Reglament Europeu de Protecci\u00f3 de Dades i la normativa espanyola de protecci\u00f3 de dades. Per a m\u00e9s informaci\u00f3, veure la nostra Pol\u00edtica de Privacitat.<\/p><p><strong>7. PROPIETAT INTEL\u00b7LECTUAL I INDUSTRIAL<\/strong><\/p><p>El lloc web, incloent a t\u00edtol enunciatiu per\u00f2 no limitatiu la programaci\u00f3, edici\u00f3, compilaci\u00f3 i altres elements necessaris pel seu funcionament, els dissenys, logotips, textos, fotografies i\/o gr\u00e0fiques s\u00f3n propietat del prestador o, en cas que fos necessari, disposa de la llic\u00e8ncia o autoritzaci\u00f3 expressa per part dels autors. Tots els continguts del lloc web es troben degudament protegits per la normativa de propietat intel\u00b7lectual i industrial.<\/p><p>Independentment de la finalitat per la qual van ser destinats, la reproducci\u00f3 total o parcial, \u00fas, distribuci\u00f3 i comunicaci\u00f3 p\u00fablica requereixen l\u2019autoritzaci\u00f3 escrita pr\u00e8via per part del prestador. Qualsevol \u00fas no autoritzat pr\u00e8viament per part del prestador ser\u00e0 considerat un incompliment greu dels drets de propietat intel\u00b7lectual o industrial de l\u2019autor.<\/p><p>Els dissenys, logotips, textos i\/o gr\u00e0fiques alienes al prestador i que puguin apar\u00e8ixer en el lloc web, pertanyen als seus respectius propietaris, sent ells mateixos els responsables de qualsevol possible controv\u00e8rsia que pugui apar\u00e8ixer respecte als mateixos. En tot cas, el prestador compta amb l\u2019autoritzaci\u00f3 expressa i pr\u00e8via per part dels mateixos.<\/p><p>El prestador reconeix a favor dels seus titulars els corresponents drets de propietat industrial i intel\u00b7lectual, no implicant la menci\u00f3 o aparici\u00f3 en el lloc web, de l\u2019exist\u00e8ncia de drets o cap responsabilitat del prestador sobre els mateixos, com tampoc recolzament, patrocini o recomanaci\u00f3 per part del mateix.<\/p><p>Per a realitzar qualsevol tipus d\u2019observaci\u00f3 respecte a possibles incompliments dels drets de propietat intel\u00b7lectual o industrial, aix\u00ed com sobre qualsevol dels continguts del lloc web, pot fer-ho a trav\u00e9s del correu electr\u00f2nic a dalt informat.<\/p><p><strong>8. LLEI APLICABLE I JURISDICCI\u00d3<\/strong><\/p><p>Per a la resoluci\u00f3 de les controv\u00e8rsies o q\u00fcestions relacionades amb la present p\u00e0gina web o de les activitats en aquesta desenvolupades, ser\u00e0 d\u2019aplicaci\u00f3 la legislaci\u00f3 espanyola, a la que es sotmeten expressament les parts, sent competents per a la resoluci\u00f3 de tots els conflictes derivats o relacionats amb el seu \u00fas els Jutjats i Tribunals de Girona.<\/p>\t\t\t\t\t\t<\/div>\n\t\t\t\t<\/div>\n\t\t\t\t\t<\/div>\n\t\t<\/div>\n\t\t\t\t\t\t\t<\/div>\n\t\t<\/section>\n\t\t\t\t\t\t<\/div>\n\t\t\t\t\t<\/div>\n\t\t","protected":false},"excerpt":{"rendered":"<p>Av\u00eds Legal Amb la finalitat d&#8217;acomplir a l\u2019article 10 de la Llei 34\/2002 de Serveis de la Societat de la Informaci\u00f3 i del Comer\u00e7 Electr\u00f2nic, informem els usuaris de les nostres dades: Denominaci\u00f3 Social: A\u00cfDA FUENTES RUIZ Domicili Social: C\/ Marqu\u00e8s Caldes de Montbui, 74-76, 17003 Girona, (Girona) NIF: 40326285V Tel\u00e8fon: 659196773 E-Mail: hola@aidafuentes.com Lloc &#8230; <a title=\"Av\u00eds Legal\" class=\"read-more\" href=\"https:\/\/aidafuentes.com\/ca\/avis-legal\/\" aria-label=\"M\u00e9s sobre Av\u00eds Legal\">Llegiu m\u00e9s<\/a><\/p>\n","protected":false},"author":2,"featured_media":0,"parent":0,"menu_order":0,"comment_status":"closed","ping_status":"closed","template":"elementor_header_footer","meta":[],"yoast_head":"<!-- This site is optimized with the Yoast SEO plugin v18.1 - https:\/\/yoast.com\/wordpress\/plugins\/seo\/ -->\n<title>Av\u00eds Legal - A\u00efda Fuentes<\/title>\n<meta name=\"robots\" content=\"index, follow, max-snippet:-1, max-image-preview:large, max-video-preview:-1\" \/>\n<link rel=\"canonical\" href=\"https:\/\/aidafuentes.com\/ca\/avis-legal\/\" \/>\n<meta property=\"og:locale\" content=\"ca_ES\" \/>\n<meta property=\"og:type\" content=\"article\" \/>\n<meta property=\"og:title\" content=\"Av\u00eds Legal - A\u00efda Fuentes\" \/>\n<meta property=\"og:description\" content=\"Av\u00eds Legal Amb la finalitat d&#8217;acomplir a l\u2019article 10 de la Llei 34\/2002 de Serveis de la Societat de la Informaci\u00f3 i del Comer\u00e7 Electr\u00f2nic, informem els usuaris de les nostres dades: Denominaci\u00f3 Social: A\u00cfDA FUENTES RUIZ Domicili Social: C\/ Marqu\u00e8s Caldes de Montbui, 74-76, 17003 Girona, (Girona) NIF: 40326285V Tel\u00e8fon: 659196773 E-Mail: hola@aidafuentes.com Lloc ... Llegiu m\u00e9s\" \/>\n<meta property=\"og:url\" content=\"https:\/\/aidafuentes.com\/ca\/avis-legal\/\" \/>\n<meta property=\"og:site_name\" content=\"A\u00efda Fuentes\" \/>\n<meta property=\"article:modified_time\" content=\"2021-10-23T06:06:45+00:00\" \/>\n<meta name=\"twitter:card\" content=\"summary_large_image\" \/>\n<meta name=\"twitter:label1\" content=\"Temps estimat de lectura\" \/>\n\t<meta name=\"twitter:data1\" content=\"9 minuts\" \/>\n<script type=\"application\/ld+json\" class=\"yoast-schema-graph\">{\"@context\":\"https:\/\/schema.org\",\"@graph\":[{\"@type\":\"WebSite\",\"@id\":\"https:\/\/aidafuentes.com\/#website\",\"url\":\"https:\/\/aidafuentes.com\/\",\"name\":\"A\u00efda Fuentes\",\"description\":\"Psic\u00f2loga Girona\",\"potentialAction\":[{\"@type\":\"SearchAction\",\"target\":{\"@type\":\"EntryPoint\",\"urlTemplate\":\"https:\/\/aidafuentes.com\/?s={search_term_string}\"},\"query-input\":\"required name=search_term_string\"}],\"inLanguage\":\"ca\"},{\"@type\":\"WebPage\",\"@id\":\"https:\/\/aidafuentes.com\/avis-legal\/#webpage\",\"url\":\"https:\/\/aidafuentes.com\/avis-legal\/\",\"name\":\"Av\u00eds Legal - A\u00efda Fuentes\",\"isPartOf\":{\"@id\":\"https:\/\/aidafuentes.com\/#website\"},\"datePublished\":\"2021-10-23T06:00:59+00:00\",\"dateModified\":\"2021-10-23T06:06:45+00:00\",\"breadcrumb\":{\"@id\":\"https:\/\/aidafuentes.com\/avis-legal\/#breadcrumb\"},\"inLanguage\":\"ca\",\"potentialAction\":[{\"@type\":\"ReadAction\",\"target\":[\"https:\/\/aidafuentes.com\/avis-legal\/\"]}]},{\"@type\":\"BreadcrumbList\",\"@id\":\"https:\/\/aidafuentes.com\/avis-legal\/#breadcrumb\",\"itemListElement\":[{\"@type\":\"ListItem\",\"position\":1,\"name\":\"Portada\",\"item\":\"https:\/\/aidafuentes.com\/\"},{\"@type\":\"ListItem\",\"position\":2,\"name\":\"Av\u00eds Legal\"}]}]}<\/script>\n<!-- \/ Yoast SEO plugin. -->","yoast_head_json":{"title":"Av\u00eds Legal - A\u00efda Fuentes","robots":{"index":"index","follow":"follow","max-snippet":"max-snippet:-1","max-image-preview":"max-image-preview:large","max-video-preview":"max-video-preview:-1"},"canonical":"https:\/\/aidafuentes.com\/ca\/avis-legal\/","og_locale":"ca_ES","og_type":"article","og_title":"Av\u00eds Legal - A\u00efda Fuentes","og_description":"Av\u00eds Legal Amb la finalitat d&#8217;acomplir a l\u2019article 10 de la Llei 34\/2002 de Serveis de la Societat de la Informaci\u00f3 i del Comer\u00e7 Electr\u00f2nic, informem els usuaris de les nostres dades: Denominaci\u00f3 Social: A\u00cfDA FUENTES RUIZ Domicili Social: C\/ Marqu\u00e8s Caldes de Montbui, 74-76, 17003 Girona, (Girona) NIF: 40326285V Tel\u00e8fon: 659196773 E-Mail: hola@aidafuentes.com Lloc ... Llegiu m\u00e9s","og_url":"https:\/\/aidafuentes.com\/ca\/avis-legal\/","og_site_name":"A\u00efda Fuentes","article_modified_time":"2021-10-23T06:06:45+00:00","twitter_card":"summary_large_image","twitter_misc":{"Temps estimat de lectura":"9 minuts"},"schema":{"@context":"https:\/\/schema.org","@graph":[{"@type":"WebSite","@id":"https:\/\/aidafuentes.com\/#website","url":"https:\/\/aidafuentes.com\/","name":"A\u00efda Fuentes","description":"Psic\u00f2loga Girona","potentialAction":[{"@type":"SearchAction","target":{"@type":"EntryPoint","urlTemplate":"https:\/\/aidafuentes.com\/?s={search_term_string}"},"query-input":"required name=search_term_string"}],"inLanguage":"ca"},{"@type":"WebPage","@id":"https:\/\/aidafuentes.com\/avis-legal\/#webpage","url":"https:\/\/aidafuentes.com\/avis-legal\/","name":"Av\u00eds Legal - A\u00efda Fuentes","isPartOf":{"@id":"https:\/\/aidafuentes.com\/#website"},"datePublished":"2021-10-23T06:00:59+00:00","dateModified":"2021-10-23T06:06:45+00:00","breadcrumb":{"@id":"https:\/\/aidafuentes.com\/avis-legal\/#breadcrumb"},"inLanguage":"ca","potentialAction":[{"@type":"ReadAction","target":["https:\/\/aidafuentes.com\/avis-legal\/"]}]},{"@type":"BreadcrumbList","@id":"https:\/\/aidafuentes.com\/avis-legal\/#breadcrumb","itemListElement":[{"@type":"ListItem","position":1,"name":"Portada","item":"https:\/\/aidafuentes.com\/"},{"@type":"ListItem","position":2,"name":"Av\u00eds Legal"}]}]}},"_links":{"self":[{"href":"https:\/\/aidafuentes.com\/ca\/wp-json\/wp\/v2\/pages\/139"}],"collection":[{"href":"https:\/\/aidafuentes.com\/ca\/wp-json\/wp\/v2\/pages"}],"about":[{"href":"https:\/\/aidafuentes.com\/ca\/wp-json\/wp\/v2\/types\/page"}],"author":[{"embeddable":true,"href":"https:\/\/aidafuentes.com\/ca\/wp-json\/wp\/v2\/users\/2"}],"replies":[{"embeddable":true,"href":"https:\/\/aidafuentes.com\/ca\/wp-json\/wp\/v2\/comments?post=139"}],"version-history":[{"count":4,"href":"https:\/\/aidafuentes.com\/ca\/wp-json\/wp\/v2\/pages\/139\/revisions"}],"predecessor-version":[{"id":143,"href":"https:\/\/aidafuentes.com\/ca\/wp-json\/wp\/v2\/pages\/139\/revisions\/143"}],"wp:attachment":[{"href":"https:\/\/aidafuentes.com\/ca\/wp-json\/wp\/v2\/media?parent=139"}],"curies":[{"name":"wp","href":"https:\/\/api.w.org\/{rel}","templated":true}]}}